{"id":4880,"date":"2021-03-19T16:03:10","date_gmt":"2021-03-19T19:03:10","guid":{"rendered":"https:\/\/novobequisa.bfserver.com.br\/politica-de-cookies\/"},"modified":"2021-05-13T13:31:04","modified_gmt":"2021-05-13T16:31:04","slug":"cookies-policy","status":"publish","type":"page","link":"https:\/\/bequisa.com.br\/en\/cookies-policy\/","title":{"rendered":"Cookies Policy"},"content":{"rendered":"<p><span style=\"font-weight: 400\">When you, the user, browse our institutional website www.bequisa.com.br (\u201c<\/span><span style=\"font-weight: 400\">Website<\/span><span style=\"font-weight: 400\">\u201d), <\/span><b>Bequisa Ind\u00fastria Qu\u00edmica do Brasil Ltda.<\/b><span style=\"font-weight: 400\">, headquartered at Avenida Ant\u00f4nio Bernardo, 3950, gleba 37, Parque Industrial Imigrantes, Municipality of S\u00e3o Vicente \/ SP, CEP 11349-380, registered with CNPJ\/ME under # 58.133.703\/0001-78, and <\/span><b>Degesch do Brasil Ind\u00fastria e Com\u00e9rcio Ltda.<\/b><span style=\"font-weight: 400\">, headquartered at Avenida Ant\u00f4nio Bernardo, 3950, gleba 37, Parque Industrial Imigrantes, Municipality of S\u00e3o Vicente \/ SP, CEP 11349-380, registered with CNPJ\/ME under # 44.595.981\/0001-32 <\/span><span style=\"font-weight: 400\">\u201c<\/span><span style=\"font-weight: 400\">Bequisa<\/span><span style=\"font-weight: 400\">\u201d, companies of the Detia Degesch Group, may store cookies in your browser.\u00a0<\/span><\/p>\n<p><strong>\u00a0<\/strong><\/p>\n<p><span style=\"font-weight: 400\">This Cookie Policy explains what a cookie is, how you can manage your cookies and what types of cookies may be captured on our Website.<\/span><\/p>\n<p><strong>\u00a0<\/strong><\/p>\n<p><span style=\"font-weight: 400\">Disabling the cookies we use may impact your experience as a user when visiting the Bequisa website.<\/span><\/p>\n<p>&nbsp;<\/p>\n<p>&nbsp;<\/p>\n<h5><b>1. WHAT ARE COOKIES?<\/b><\/h5>\n<h5><\/h5>\n<p><span style=\"font-weight: 400\">Cookies are files or information that can be stored on your computer (or other device connected to the Internet, such as smartphones or tablets) when you visit our Website. <\/span><\/p>\n<p>&nbsp;<\/p>\n<p>&nbsp;<\/p>\n<h5><b>2. WHAT KINDS OF COOKIES DO WE USE AND WHAT DO WE USE THEM FOR?<\/b><\/h5>\n<h5><\/h5>\n<p><span style=\"font-weight: 400\">On our website, we use the following types of cookies:\u00a0<\/span><\/p>\n<ul>\n<li style=\"font-weight: 400\"><b>Strictly Necessary Cookies:<\/b><span style=\"font-weight: 400\"> These are cookies without which you would not be able to use the Website.\u00a0 For example, Strictly Necessary Cookies adjust the website data transmitted to match your internet connection, take you to secure versions of the website and help offer services that you specifically request.\u00a0 If you configure your browser to block these cookies, some parts of the Website will not work.\u00a0\u00a0<\/span><\/li>\n<\/ul>\n<p>&nbsp;<\/p>\n<ul>\n<li style=\"font-weight: 400\"><b>Statistics Cookies:<\/b><span style=\"font-weight: 400\"> We use these cookies to understand how you interact with the Website, in order to compile anonymous and aggregate statistics that allow us to understand how people use our Website and, thus, to help us improve its structures and content.\u00a0 Specifically, we use Google Analytics, which is Google\u2019s analysis tool that allows us to understand the total number of visitors, visitors who have returned to your website and those who have visited it only once; where the accesses to the Website are coming from; shows the day of the week, the month and the hours that your audience most visits the website. <\/span><i><span style=\"font-weight: 400\">For more information on using Google Analytics check out <\/span><\/i><a href=\"https:\/\/support.google.com\/analytics\/answer\/7318509?hl=pt-BR\"><i><span style=\"font-weight: 400\">Privacy Statement Policy &#8211; Google Analytics Help<\/span><\/i><\/a><span style=\"font-weight: 400\">.\u00a0\u00a0<\/span><\/li>\n<\/ul>\n<p>&nbsp;<\/p>\n<p>&nbsp;<\/p>\n<h5><b>3. HOW CAN I CONTROL OR DELETE COOKIES?<\/b><\/h5>\n<h5><\/h5>\n<p><span style=\"font-weight: 400\">Most Internet browsers (applications used to search for information or visit websites) are automatically set to accept cookies. You can change the settings to block cookies or alert you when a cookie is being sent to your device. There are several ways to manage cookies. <\/span><b>Consult your browser instructions or help section to learn more about adjusting or changing your browser settings.<\/b><span style=\"font-weight: 400\"> The following are links from some browsers that you can use to let you know how to change the cookie settings on those browsers: <\/span><a href=\"https:\/\/support.mozilla.org\/pt-BR\/kb\/protecao-aprimorada-contra-rastreamento-firefox-desktop?redirectslug=ative-e-desative-os-cookies-que-os-sites-usam&amp;redirectlocale=pt-BR\"><span style=\"font-weight: 400\">\u00a0Firefox\u00a0 | Cookies<\/span><\/a><span style=\"font-weight: 400\">, <\/span><a href=\"https:\/\/support.apple.com\/pt-br\/guide\/safari\/sfri11471\/mac\"><span style=\"font-weight: 400\">Safara | Cookies<\/span><\/a><span style=\"font-weight: 400\">, <\/span><a href=\"https:\/\/support.google.com\/chrome\/answer\/95647?hl=pt-BR\"><span style=\"font-weight: 400\">Chrome | Cookies<\/span><\/a><span style=\"font-weight: 400\"> e <\/span><a href=\"https:\/\/support.microsoft.com\/pt-br\/topic\/excluir-e-gerenciar-cookies-168dab11-0753-043d-7c16-ede5947fc64d\"><span style=\"font-weight: 400\">Microsoft | Cookies<\/span><\/a><span style=\"font-weight: 400\">.\u00a0<\/span><\/p>\n<p><span style=\"font-weight: 400\">Disabling the cookies we use may impact your experience on our website, for example, you may not be able to visit certain areas of our website or you may not receive personalized information when you visit our website.<\/span><\/p>\n<p><span style=\"font-weight: 400\">If you use different devices to view and access our website, you must ensure that each browser on each device is set to meet your cookie preferences.<\/span><\/p>\n<p>&nbsp;<\/p>\n<p>&nbsp;<\/p>\n<p>&nbsp;<\/p>\n","protected":false},"excerpt":{"rendered":"<p>When you, the user, browse our institutional website www.bequisa.com.br (\u201cWebsite\u201d), Bequisa Ind\u00fastria Qu\u00edmica do Brasil Ltda., headquartered at Avenida Ant\u00f4nio Bernardo, 3950, gleba 37, Parque Industrial Imigrantes, Municipality of S\u00e3o Vicente \/ SP, CEP 11349-380, registered with CNPJ\/ME under # 58.133.703\/0001-78, and Degesch do Brasil Ind\u00fastria e Com\u00e9rcio Ltda., headquartered at Avenida Ant\u00f4nio Bernardo, 3950, [&hellip;]<\/p>\n","protected":false},"author":266,"featured_media":0,"parent":0,"menu_order":0,"comment_status":"closed","ping_status":"closed","template":"","meta":{"_acf_changed":false,"footnotes":""},"class_list":["post-4880","page","type-page","status-publish","hentry"],"acf":[],"_links":{"self":[{"href":"https:\/\/bequisa.com.br\/en\/wp-json\/wp\/v2\/pages\/4880","targetHints":{"allow":["GET"]}}],"collection":[{"href":"https:\/\/bequisa.com.br\/en\/wp-json\/wp\/v2\/pages"}],"about":[{"href":"https:\/\/bequisa.com.br\/en\/wp-json\/wp\/v2\/types\/page"}],"author":[{"embeddable":true,"href":"https:\/\/bequisa.com.br\/en\/wp-json\/wp\/v2\/users\/266"}],"replies":[{"embeddable":true,"href":"https:\/\/bequisa.com.br\/en\/wp-json\/wp\/v2\/comments?post=4880"}],"version-history":[{"count":5,"href":"https:\/\/bequisa.com.br\/en\/wp-json\/wp\/v2\/pages\/4880\/revisions"}],"predecessor-version":[{"id":5293,"href":"https:\/\/bequisa.com.br\/en\/wp-json\/wp\/v2\/pages\/4880\/revisions\/5293"}],"wp:attachment":[{"href":"https:\/\/bequisa.com.br\/en\/wp-json\/wp\/v2\/media?parent=4880"}],"curies":[{"name":"wp","href":"https:\/\/api.w.org\/{rel}","templated":true}]}}