{"id":4886,"date":"2021-03-19T16:05:19","date_gmt":"2021-03-19T19:05:19","guid":{"rendered":"https:\/\/novobequisa.bfserver.com.br\/politica-de-privacidade\/"},"modified":"2021-12-03T16:38:16","modified_gmt":"2021-12-03T19:38:16","slug":"privacy-policy","status":"publish","type":"page","link":"https:\/\/bequisa.com.br\/en\/privacy-policy\/","title":{"rendered":"Privacy Policy"},"content":{"rendered":"<p><b>Last update: October<\/b><b> 22, 2021.<\/b><b>\u00a0<\/b><\/p>\n<p>&nbsp;<\/p>\n<p><span style=\"font-weight: 400\">This Privacy Policy describes <\/span><b>Bequisa Ind\u00fastria Qu\u00edmica do Brasil Ltda.<\/b><span style=\"font-weight: 400\">, headquartered at Avenida Ant\u00f4nio Bernardo, 3950, gleba 37, Parque Industrial Imigrantes, Municipality of S\u00e3o Vicente \/ SP, CEP 11349-380, registered with CNPJ\/ME under # 58.133 .703\/0001-78, and <\/span><b>Degesch do Brasil Ind\u00fastria e Com\u00e9rcio Ltda.<\/b><span style=\"font-weight: 400\">, headquartered at Avenida Ant\u00f4nio Bernardo, 3950, gleba 37, Parque Industrial Imigrantes, Municipality of S\u00e3o Vicente \/ SP, CEP 11349-380, registered with CNPJ\/ME under # 44.595.981\/0001-32. <\/span><span style=\"font-weight: 400\">Bequisa<\/span><span style=\"font-weight: 400\">, companies of the Detia Degesch Group, may process your personal data when you, the user of the Website, browse our institutional website www.bequisa.com.br<\/span><span style=\"font-weight: 400\">.<\/span><\/p>\n<p>&nbsp;<\/p>\n<p><span style=\"font-weight: 400\">The terms defined in this Privacy Policy have the same meaning as defined in the <a href=\"\/?page_id=4874\">Terms of Use<\/a>, unless defined differently in this document.\u00a0<\/span><\/p>\n<p>&nbsp;<\/p>\n<p>&nbsp;<\/p>\n<h5><strong>1. <b><\/b><\/strong><b>How we use personal data<\/b><\/h5>\n<p>&nbsp;<\/p>\n<p><span style=\"font-weight: 400\">When browsing our Website, Bequisa may process information about you. Below, we explain why we process information about you and what personal data is processed.<\/span><\/p>\n<p>&nbsp;<\/p>\n<ul>\n<li style=\"font-weight: 400\"><b>To improve the Website based on data from the device used. <\/b><span style=\"font-weight: 400\">We identify technical data, such as computers, and other devices through which you install or access our Website; the type of network connection (for example, WiFi, 3G, LTE) and the performance of the provider, network and device, the type of browser and operating system, browser language, referral and exit pages and URLs;\u00a0<\/span><\/li>\n<\/ul>\n<p>&nbsp;<\/p>\n<ul>\n<li style=\"font-weight: 400\"><b>For you to use our \u201cPost-Harvest Calculator\u201d.<\/b><span style=\"font-weight: 400\"> We ask for your name and email For you to use our calculator.<\/span><\/li>\n<\/ul>\n<p>&nbsp;<\/p>\n<ul>\n<li style=\"font-weight: 400\"><span style=\"font-weight: 400\">To send communications and advertisements that we believe are of interest to you. For this, we use your name and email address that you provided when using the \u201cPost-Harvest Calculator\u201d.\u00a0<\/span><\/li>\n<li style=\"font-weight: 400\"><b>For you to contact us.<\/b><span style=\"font-weight: 400\"> If you wish to send a message to Us, we ask for your name, State of residence, telephone, email, subject and message.<\/span><\/li>\n<\/ul>\n<h5><strong>\u00a0<\/strong><\/h5>\n<ul>\n<li style=\"font-weight: 400\"><b>So that we can comply with the Internet civil Landmark.<\/b><span style=\"font-weight: 400\"> We store the IP of the device used, as well as the date and time of access to our website, in order to comply with the terms of the Internet Landmark.\u00a0<\/span><\/li>\n<\/ul>\n<h5><strong>\u00a0<\/strong><\/h5>\n<ul>\n<li style=\"font-weight: 400\"><b>For you to request the exercise of a right.<\/b><span style=\"font-weight: 400\"> We store your personal data when you contact us to request the exercise of any right indicated in item 5. In that case, we will store your name, email, identity document, as well as other personal data that you possibly inform in your message.\u00a0<\/span><\/li>\n<\/ul>\n<p>&nbsp;<\/p>\n<ul>\n<li style=\"font-weight: 400\"><b>For you to inform us about your interest in being part of the Bequisa team.<\/b><span style=\"font-weight: 400\"> If you are interested in working with us, you can inform in the \u201cWork With Us\u201d area your name, phone, area, e-mail, message, as well as attach your resume. In that case, we will review your qualifications and get in touch if there is a compatible selection process.<\/span><\/li>\n<\/ul>\n<p>&nbsp;<\/p>\n<ul>\n<li style=\"font-weight: 400\"><strong><b>Cookies<\/b><span style=\"font-weight: 400\">. We use cookies when you browse our website. <\/span><span style=\"font-weight: 400\">For more information, please consult our <a href=\"\/?page_id=4880\">Cookie Policy<\/a>.<\/span><\/strong><\/li>\n<\/ul>\n<p>&nbsp;<\/p>\n<p>&nbsp;<\/p>\n<h5><strong>2. <\/strong><b>Sharing personal data<\/b><span style=\"font-weight: 400\">\u00a0\u00a0<\/span><\/h5>\n<p>&nbsp;<\/p>\n<p><span style=\"font-weight: 400\">Bequisa will not share your personal data with third parties, except in the following cases:\u00a0<\/span><\/p>\n<p>&nbsp;<\/p>\n<ul>\n<li style=\"font-weight: 400\"><span style=\"font-weight: 400\">with other service providers hired to assist us with the operation of the Website, for example, hosting provider and Website maintenance.\u00a0<\/span><\/li>\n<\/ul>\n<h5><strong>\u00a0<\/strong><\/h5>\n<ul>\n<li style=\"font-weight: 400\"><span style=\"font-weight: 400\">with competent authorities, in case Bequisa is obliged to share the data or believes, in good faith, that the sharing is due to defend its rights or that of interested third parties;\u00a0<\/span><\/li>\n<\/ul>\n<p>&nbsp;<\/p>\n<ul>\n<li style=\"font-weight: 400\"><span style=\"font-weight: 400\">accomplish with the requirements of applicable law.<\/span><\/li>\n<\/ul>\n<p>&nbsp;<\/p>\n<ul>\n<li>To legitimize the use of this data, we inform you that Bequisa processes personal data based on the legal hypotheses provided for by the GDPR, such as the execution of a contract (art. 7, item V), the legitimate interest of the data controller ( art. 7, item IX), consent (art. 7, item I), compliance with a legal or regulatory obligation (art. 7, item II) and the regular exercise of rights in judicial, administrative or arbitration acts (art. 7, item VI).<\/li>\n<\/ul>\n<h5><\/h5>\n<p>&nbsp;<\/p>\n<p>&nbsp;<\/p>\n<h5><strong>3.\u00a0 <b><\/b><\/strong><b>Information Security<\/b><\/h5>\n<p>&nbsp;<\/p>\n<p><span style=\"font-weight: 400\">Bequisa adopts the best internationally recommended information security practices, against loss, misuse and unauthorized access, disclosure, alteration and destruction, taking into account the risks involved in the treatment and nature of such data and compliance with laws and applicable regulations. However, you should keep in mind that no transmission over the internet is 100% secure or error-free.\u00a0<\/span><\/p>\n<p>&nbsp;<\/p>\n<p>&nbsp;<\/p>\n<h5><strong>4.\u00a0 <b><\/b><\/strong><b>International Data Transfer\u00a0\u00a0<\/b><\/h5>\n<p>&nbsp;<\/p>\n<p>Bequisa carries out international transfer of personal data to the United States for technical and operational reasons. In this way, your personal data may be subject to data protection and privacy laws different from those applicable in the national territory. In these cases, Bequisa will take appropriate measures to ensure the protection of users&#8217; personal data.<\/p>\n<p>&nbsp;<\/p>\n<p>&nbsp;<\/p>\n<h5><strong>5.\u00a0 <b><\/b><\/strong><b>Your Rights and Data Protection Officer<\/b><\/h5>\n<p>&nbsp;<\/p>\n<p><span style=\"font-weight: 400\">Upon request to the email address (<\/span><a href=\"mailto:dpo@bequisa.com\"><span style=\"font-weight: 400\">dpo@bequisa.com<\/span><\/a><span style=\"font-weight: 400\">) contact channel with the <\/span><b>Data Protection Officer<\/b><span style=\"font-weight: 400\">), you can request the exercise of the right you have, whatever:<\/span><\/p>\n<p>&nbsp;<\/p>\n<ul>\n<li style=\"font-weight: 400\"><b>Access.<\/b><span style=\"font-weight: 400\"> You can request free and easy access \/ consultation to your data, form of treatment, purpose, duration and sharing of your personal data with third parties;<\/span><\/li>\n<\/ul>\n<p>&nbsp;<\/p>\n<ul>\n<li style=\"font-weight: 400\"><b>Correction and Update. <\/b><span style=\"font-weight: 400\">You may require correction \/ updating of your personal data.<\/span><\/li>\n<\/ul>\n<p>&nbsp;<\/p>\n<ul>\n<li style=\"font-weight: 400\"><b>Revocation of Consent. <\/b><span style=\"font-weight: 400\">If any processing of your personal data is carried out with your consent, you can request the revocation of your consent. If the revocation implies any restrictions, you will be informed in advance (for example, any navigation restrictions on our Website).<\/span><\/li>\n<\/ul>\n<p>&nbsp;<\/p>\n<ul>\n<li style=\"font-weight: 400\"><b>Portability.<\/b><span style=\"font-weight: 400\"> You can request the portability of your personal data from our database to a third party.<\/span><\/li>\n<\/ul>\n<p>&nbsp;<\/p>\n<ul>\n<li style=\"font-weight: 400\"><b>Blocking or deletion. <\/b><span style=\"font-weight: 400\">You can request to block or delete your personal data from our database. We will inform you if this implies any restriction on the use of our Website.\u00a0<\/span><\/li>\n<\/ul>\n<h5><strong>\u00a0<\/strong><\/h5>\n<ul>\n<li style=\"font-weight: 400\"><b>Opposition. <\/b><span style=\"font-weight: 400\">If you suspect that we have processed your personal data in breach of the General Data Protection Law, you can object to the treatment.<\/span><\/li>\n<\/ul>\n<p>&nbsp;<\/p>\n<p><span style=\"font-weight: 400\">In some cases, if you ask to correct, change or delete personal data, we may not always be able to do so. If so, we\u2019ll explain why.\u00a0<\/span><\/p>\n<p>&nbsp;<\/p>\n<p><span style=\"font-weight: 400\">If you request the exercise of any of your rights, we may request some additional information for the purpose of proving your identity, in order to prevent fraud.\u00a0<\/span><\/p>\n<p>&nbsp;<\/p>\n<p><span style=\"font-weight: 400\">We are committed to responding to your requests in the shortest possible time.<\/span><\/p>\n<p>&nbsp;<\/p>\n<h5><strong>6.<\/strong> \u00a0<b><\/b><b>Information storage term<\/b><\/h5>\n<p>&nbsp;<\/p>\n<p><span style=\"font-weight: 400\">The data will be stored for the time necessary to fulfill the processing purposes indicated in item 1 of this Privacy Policy.<\/span><\/p>\n<p>&nbsp;<\/p>\n<p><span style=\"font-weight: 400\">We may retain certain personal data if necessary to (i) comply with applicable law; or (ii) to exercise our rights in legal, administrative or arbitration proceedings. Except in the cases mentioned, we will delete or keep your data anonymous (we will use the technique available at the time) after reaching the purpose that justified the data collection.<\/span><\/p>\n<p>&nbsp;<\/p>\n<p>&nbsp;<\/p>\n<h5><strong>7.\u00a0 <b><\/b><\/strong><b>Changes to the Privacy Policy<\/b><\/h5>\n<p>&nbsp;<\/p>\n<p><span style=\"font-weight: 400\">Bequisa reserves the right to update and change the Privacy Policy periodically, without the need to notify you accordingly. You can review the most current version of the current <a href=\"\/?page_id=4886\">Privacy Policy<\/a> at any time <\/span><\/p>\n<p>&nbsp;<\/p>\n<p>&nbsp;<\/p>\n<h5><strong>8.<b><\/b><\/strong><b>Applicable Law\u00a0<\/b><\/h5>\n<p>&nbsp;<\/p>\n<p><span style=\"font-weight: 400\">This document is governed and must be interpreted in accordance with the laws of the Federative Republic of Brazil. The S\u00e3o Vicente District Court, S\u00e3o Paulo, is elected as the competent body to resolve any issues arising from this document, with express waiver of any other, however privileged it may be.<\/span><\/p>\n","protected":false},"excerpt":{"rendered":"<p>Last update: October 22, 2021.\u00a0 &nbsp; This Privacy Policy describes Bequisa Ind\u00fastria Qu\u00edmica do Brasil Ltda., headquartered at Avenida Ant\u00f4nio Bernardo, 3950, gleba 37, Parque Industrial Imigrantes, Municipality of S\u00e3o Vicente \/ SP, CEP 11349-380, registered with CNPJ\/ME under # 58.133 .703\/0001-78, and Degesch do Brasil Ind\u00fastria e Com\u00e9rcio Ltda., headquartered at Avenida Ant\u00f4nio Bernardo, [&hellip;]<\/p>\n","protected":false},"author":266,"featured_media":0,"parent":0,"menu_order":0,"comment_status":"closed","ping_status":"closed","template":"","meta":{"_acf_changed":false,"footnotes":""},"class_list":["post-4886","page","type-page","status-publish","hentry"],"acf":[],"_links":{"self":[{"href":"https:\/\/bequisa.com.br\/en\/wp-json\/wp\/v2\/pages\/4886","targetHints":{"allow":["GET"]}}],"collection":[{"href":"https:\/\/bequisa.com.br\/en\/wp-json\/wp\/v2\/pages"}],"about":[{"href":"https:\/\/bequisa.com.br\/en\/wp-json\/wp\/v2\/types\/page"}],"author":[{"embeddable":true,"href":"https:\/\/bequisa.com.br\/en\/wp-json\/wp\/v2\/users\/266"}],"replies":[{"embeddable":true,"href":"https:\/\/bequisa.com.br\/en\/wp-json\/wp\/v2\/comments?post=4886"}],"version-history":[{"count":12,"href":"https:\/\/bequisa.com.br\/en\/wp-json\/wp\/v2\/pages\/4886\/revisions"}],"predecessor-version":[{"id":8947,"href":"https:\/\/bequisa.com.br\/en\/wp-json\/wp\/v2\/pages\/4886\/revisions\/8947"}],"wp:attachment":[{"href":"https:\/\/bequisa.com.br\/en\/wp-json\/wp\/v2\/media?parent=4886"}],"curies":[{"name":"wp","href":"https:\/\/api.w.org\/{rel}","templated":true}]}}