{"id":4876,"date":"2021-03-19T15:58:28","date_gmt":"2021-03-19T18:58:28","guid":{"rendered":"https:\/\/novobequisa.bfserver.com.br\/termos-de-uso\/"},"modified":"2021-07-24T14:30:36","modified_gmt":"2021-07-24T17:30:36","slug":"terminos-de-uso","status":"publish","type":"page","link":"https:\/\/bequisa.com.br\/es\/terminos-de-uso\/","title":{"rendered":"Terminos de Uso"},"content":{"rendered":"<p><b>\u00daltima actualizaci\u00f3n: <\/b><b>19 de abril de 2021.<\/b><\/p>\n<p>&nbsp;<\/p>\n<p><b>\u00a1Bienvenido al sitio web de Bequisa!<\/b><span style=\"font-weight: 400\">\u00a0<\/span><\/p>\n<p>&nbsp;<\/p>\n<p><b>Bequisa Ind\u00fastria Qu\u00edmica do Brasil Ltda.<\/b><span style=\"font-weight: 400\">, con sede en Avenida Ant\u00f4nio Bernardo, 3950, gleba 37, Parque Industrial Imigrantes, Municipio de S\u00e3o Vicente \/ SP, CEP 11349-380, registrada en el CNPJ\/ME con el n\u00ba 58.133.703\/0001- 78, y <\/span><b>Degesch do Brasil Ind\u00fastria e Com\u00e9rcio Ltda.<\/b><span style=\"font-weight: 400\">, con sede en Avenida Ant\u00f4nio Bernardo, 3950, gleba 37, Parque Industrial Imigrantes, Municipio de S\u00e3o Vicente \/ SP, CEP 11349-380, registrada en el CNPJ\/ME con el n\u00ba 44.595.981\/0001- 32 (\u00ab<\/span><span style=\"font-weight: 400\">Nosotros<\/span><span style=\"font-weight: 400\">\u00bb o \u00ab<\/span><span style=\"font-weight: 400\">Bequisa<\/span><span style=\"font-weight: 400\">\u00ab), empresas del Grupo Detia Degesch, le ofrecemos este sitio web, sujeto a los siguientes t\u00e9rminos y condiciones<\/span><span style=\"font-weight: 400\">.\u00a0<\/span><\/p>\n<p>&nbsp;<\/p>\n<p><span style=\"font-weight: 400\">Este Sitio est\u00e1 dirigido a agricultores, profesionales de los sectores agr\u00edcola y portuario, controladores de plagas urbanas y agentes de limpieza dom\u00e9sticos.\u00a0<\/span><\/p>\n<p>&nbsp;<\/p>\n<p><span style=\"font-weight: 400\">Al acceder al sitio web o utilizar cualquier contenido, informaci\u00f3n, productos, servicios, caracter\u00edsticas o recursos disponibles o habilitados por el sitio web (junto con el sitio web, los \u00abServicios\u00bb), usted acepta estos T\u00e9rminos. Estos T\u00e9rminos son un contrato legal con usted. Si no est\u00e1 de acuerdo con alguno de estos T\u00e9rminos, no utilice los Servicios.\u00a0\u00a0<\/span><\/p>\n<p>&nbsp;<\/p>\n<p>&nbsp;<\/p>\n<h5><strong>1. <b><\/b><\/strong><b>Qu\u00e9 Encontrar\u00e1 en Nuestro Sitio Web<\/b><\/h5>\n<p>&nbsp;<\/p>\n<p><span style=\"font-weight: 400\">Nuestro sitio web cuenta con informaci\u00f3n institucional y de contacto de Bequisa, as\u00ed como informaci\u00f3n de producto de la l\u00ednea Post-Cosecha, as\u00ed como la l\u00ednea de Salud Ambiental, acceso a prospecto, MSDS, ficha de emergencia, ficha t\u00e9cnica y otros documentos orientativos, correcta aplicaci\u00f3n, informaci\u00f3n sobre plagas de granos almacenados biol\u00f3gicamente, lista de distribuidores seg\u00fan estado o pa\u00eds, as\u00ed como poner a su disposici\u00f3n el uso de la \u00abCalculadora Post-Cosecha\u00bb para calcular la fosfina del producto Gastoxin\u00ae B57. Tambi\u00e9n puede mostrar su inter\u00e9s en participar en el equipo de Bequisa envi\u00e1ndonos su curr\u00edculum.<\/span><\/p>\n<p>&nbsp;<\/p>\n<p><strong><b>Nota<\/b><span style=\"font-weight: 400\">: La informaci\u00f3n y las dosis de los productos, especialmente de Gastoxin\u00ae B57, cumplen con la legislaci\u00f3n brasile\u00f1a. Por lo tanto, es posible que la informaci\u00f3n no sea aplicable a otros pa\u00edses.<\/span><\/strong><\/p>\n<p>&nbsp;<\/p>\n<h5><strong>2. <b><\/b><\/strong><b>Condiciones y Restricciones de Uso del Sitio Web\u00a0<\/b><\/h5>\n<p>&nbsp;<\/p>\n<p><span style=\"font-weight: 400\">Puede utilizar las funciones disponibles en el sitio web, incluida la descarga del resultado de la \u00abCalculadora de Post-Cosecha\u00bb.<\/span><\/p>\n<p>&nbsp;<\/p>\n<p><span style=\"font-weight: 400\">No se le permite acceder a las \u00e1reas de programaci\u00f3n del sitio web, su base de datos o cualquier otro conjunto de informaci\u00f3n que forme parte de la actividad de Webmastering, quedando sujeto a quienes lo hacen bajo la ley penal brasile\u00f1a y la obligaci\u00f3n de reparar los da\u00f1os que ocasione.\u00a0<\/span><\/p>\n<p>&nbsp;<\/p>\n<p><span style=\"font-weight: 400\">Tampoco est\u00e1 autorizado para realizar o permitir la ingenier\u00eda inversa, ni traducir, descompilar, copiar, modificar, reproducir, alquilar, sublicenciar, publicar, difundir, transmitir, prestar, distribuir o, de cualquier otra forma, tener acceso a la consulta. herramientas de este sitio web y de sus funcionalidades.\u00a0<\/span><\/p>\n<p>&nbsp;<\/p>\n<p><span style=\"font-weight: 400\">En este sitio web est\u00e1 prohibido el uso de aplicaciones ara\u00f1a, o de miner\u00eda de datos, de cualquier tipo o especie, adem\u00e1s de otra que no se tipifica aqu\u00ed, pero que act\u00faa como robot, tanto para realizar operaciones masivas como para cualquier otro fin, bajo la aplicaci\u00f3n de la ley penal brasile\u00f1a y para reparar los da\u00f1os resultantes de este uso.\u00a0<\/span><\/p>\n<p>&nbsp;<\/p>\n<p><span style=\"font-weight: 400\">El sitio web no proporciona acceso a Internet a quien est\u00e9 interesado en navegar por su espacio, siendo la carga de estos los que cuentan con sus propios medios de navegaci\u00f3n.<\/span><\/p>\n<p>&nbsp;<\/p>\n<p><span style=\"font-weight: 400\">Al acceder al sitio web, declara tener pleno conocimiento de este documento y, as\u00ed mismo, de la <a href=\"\/?page_id=4888\">Pol\u00edtica de Privacidad<\/a>.<\/span><\/p>\n<p>&nbsp;<\/p>\n<p>&nbsp;<\/p>\n<h5><strong>3. <b><\/b><\/strong><b>Obligaciones y Limitaci\u00f3n de Responsabilidad de Bequisa\u00a0<\/b><\/h5>\n<p>&nbsp;<\/p>\n<p><span style=\"font-weight: 400\">Bequisa se compromete a:\u00a0<\/span><\/p>\n<p>&nbsp;<\/p>\n<ul>\n<li style=\"font-weight: 400\"><span style=\"font-weight: 400\">Mantener el sitio web bajo un certificado de seguridad SSL durante toda la navegaci\u00f3n, para garantizar la seguridad de la informaci\u00f3n proporcionada a los usuarios mientras navega por el sitio web.<\/span><\/li>\n<\/ul>\n<p>&nbsp;<\/p>\n<ul>\n<li style=\"font-weight: 400\"><span style=\"font-weight: 400\">Mantener seguro el entorno virtual, salvo un acto destructivo por parte de un tercero que vaya m\u00e1s all\u00e1 de los esfuerzos cometidos, hip\u00f3tesis que no se har\u00e1 responsable de los da\u00f1os y perjuicios derivados de esta pr\u00e1ctica nociva.<\/span><\/li>\n<\/ul>\n<p>&nbsp;<\/p>\n<ul>\n<li style=\"font-weight: 400\"><span style=\"font-weight: 400\">Conservar la funcionalidad del sitio web, con enlaces ininterrumpidos, utilizando un dise\u00f1o que respete la usabilidad y la navegabilidad, facilitando la navegaci\u00f3n siempre que sea posible.\u00a0<\/span><\/li>\n<\/ul>\n<p>&nbsp;<\/p>\n<ul>\n<li style=\"font-weight: 400\"><span style=\"font-weight: 400\">Mostrar las funcionalidades de forma clara, completa, precisa y suficiente para que exista una percepci\u00f3n exacta de las operaciones realizadas.\u00a0<\/span><\/li>\n<\/ul>\n<h5><strong>\u00a0<\/strong><\/h5>\n<ul>\n<li style=\"font-weight: 400\"><span style=\"font-weight: 400\">Este sitio web se presenta al p\u00fablico en la web a medida que est\u00e1 disponible y puede sufrir mejoras y actualizaciones constantes.\u00a0<\/span><\/li>\n<\/ul>\n<p>&nbsp;<\/p>\n<ul>\n<li style=\"font-weight: 400\"><span style=\"font-weight: 400\">Bequisa realiza sus esfuerzos para la disponibilidad continua y permanente del sitio web, estando sujeto, no obstante, a eventos extraordinarios, como desastres naturales, fallas o colapsos en los sistemas centrales de comunicaci\u00f3n y acceso a internet o hechos de terceros, los cuales son fuera de su esfera de vigilancia y responsabilidad. Sin embargo, no tiene derecho a exigir la disponibilidad del sitio web como mejor le convenga, ni podr\u00e1 reclamar una indemnizaci\u00f3n o reparar da\u00f1os en caso de que el sitio web permanezca fuera de l\u00ednea, independientemente de la motivaci\u00f3n.\u00a0<\/span><\/li>\n<\/ul>\n<p>&nbsp;<\/p>\n<ul>\n<li style=\"font-weight: 400\"><span style=\"font-weight: 400\">Bequisa no es responsable de ning\u00fan da\u00f1o, p\u00e9rdida o p\u00e9rdida de los usuarios de Internet o del equipo de los usuarios causados \u200b\u200bpor fallas del sistema, servidor o conexi\u00f3n a Internet, incluso si son el resultado de la conducta de terceros, incluidas las acciones de software malicioso como virus, caballos troyanos y otros que puedan, de alguna forma, da\u00f1ar el equipo o la conexi\u00f3n de los internautas y usuarios por el acceso, uso o navegaci\u00f3n en el sitio web, as\u00ed como la cesi\u00f3n de datos, archivos, im\u00e1genes, textos, audios o v\u00eddeos contenidos en el mismo.\u00a0<\/span><\/li>\n<\/ul>\n<p>&nbsp;<\/p>\n<ul>\n<li style=\"font-weight: 400\"><span style=\"font-weight: 400\">Bequisa no se responsabiliza de la navegaci\u00f3n de los internautas y usuarios en los enlaces externos contenidos en el sitio web, siendo su deber leer las Condiciones de Uso y Pol\u00edtica de Privacidad del sitio web al que acceda y actuar seg\u00fan se determine. En caso de cualquier da\u00f1o o p\u00e9rdida, el usuario ser\u00e1 el principal responsable, ya que la navegaci\u00f3n segura es su responsabilidad.\u00a0<\/span><\/li>\n<\/ul>\n<h5><strong>\u00a0<\/strong><\/h5>\n<p><span style=\"font-weight: 400\">Bequisa ha recopilado la informaci\u00f3n detallada proporcionada en este sitio web de fuentes internas y externas de la mejor manera posible, utilizando la diligencia profesional. Nos esforzamos por ampliar y actualizar este conjunto de informaci\u00f3n de forma continua. La informaci\u00f3n contenida en este sitio web tiene el prop\u00f3sito exclusivo de presentar Bequisa y sus productos y servicios. Sin embargo, no se hace ninguna representaci\u00f3n ni se ofrece garant\u00eda, expresa o t\u00e1cita, de la integridad o exactitud de la informaci\u00f3n contenida en este sitio web. Tenga en cuenta que esta informaci\u00f3n, si bien es precisa el d\u00eda en que se public\u00f3, es posible que ya no est\u00e9 actualizada. Por tanto, le recomendamos que compruebe la informaci\u00f3n obtenida de este sitio web antes de utilizarlo de cualquier forma.\u00a0<\/span><\/p>\n<p>&nbsp;<\/p>\n<p>&nbsp;<\/p>\n<h5><strong>4.\u00a0 <b><\/b><\/strong><b>Restricciones de Usuario<\/b><\/h5>\n<p>&nbsp;<\/p>\n<p><span style=\"font-weight: 400\">Al utilizar nuestro sitio web, est\u00e1 obligado a:<\/span><\/p>\n<p>&nbsp;<\/p>\n<ul>\n<li style=\"font-weight: 400\"><span style=\"font-weight: 400\">Los usuarios est\u00e1n obligados a realizar una navegaci\u00f3n \u00e9tica, respetando siempre las condiciones que rigen el uso del sitio web, debiendo adem\u00e1s utilizar los recursos de este sitio web para la finalidad que fue desarrollada, bajo pena de aplicaci\u00f3n de las sanciones de la ley.\u00a0<\/span><\/li>\n<\/ul>\n<p>&nbsp;<\/p>\n<ul>\n<li style=\"font-weight: 400\"><span style=\"font-weight: 400\">Los derechos que se le otorgan en estos T\u00e9rminos est\u00e1n sujetos a las siguientes restricciones: (a) no debe licenciar, vender, alquilar, arrendar, transferir, asignar, reproducir, distribuir, alojar o explotar comercialmente los Servicios o cualquier parte de los Servicios; (b) no debe enmarcar ni utilizar t\u00e9cnicas de encuadre para incluir ninguna marca comercial, logotipo o Servicio de Bequisa (incluidas im\u00e1genes, texto, dise\u00f1o de p\u00e1gina o formulario); (c) no debe utilizar metaetiquetas u otro \u00abtexto oculto\u00bb con el nombre o las marcas comerciales de Bequisa; (d) no debe modificar, traducir, adaptar, fusionar, realizar trabajos derivados, desensamblar, descompilar, compilar o realizar ingenier\u00eda inversa en ninguna parte de los Servicios, excepto en la medida en que las restricciones anteriores est\u00e9n expresamente prohibidas por la ley aplicable; (e) no debe utilizar ning\u00fan software, dispositivo u otro proceso manual o automatizado (incluidos, entre otros, scripts automatizados, robots, raspadores, rastreadores, avatares, herramientas de extracci\u00f3n de datos o similares) para \u00abextraer\u00bb o descargar datos de los Servicios ( excepto cuando otorgamos a los operadores de motores de b\u00fasqueda p\u00fablicos un permiso revocable para usar scripts automatizados para copiar materiales del sitio web con el \u00fanico prop\u00f3sito y exclusivamente en la medida necesaria para crear \u00edndices de b\u00fasqueda disponibles p\u00fablicamente de los materiales, pero no cach\u00e9s o archivos de dichos materiales); (f) no debe acceder a los Servicios para crear un sitio web, una aplicaci\u00f3n o un servicio similar o de la competencia; (g) salvo que se indique expresamente en este documento, ninguna parte de los Servicios puede copiarse, reproducirse, distribuirse, republicarse, descargarse, mostrarse, publicarse o transmitirse de ninguna manera ni por ning\u00fan medio; (h) no debe eliminar ni destruir ning\u00fan derecho de autor u otros avisos de propiedad contenidos en los Servicios; (i) no debe interferir ni intentar interferir con el funcionamiento adecuado de los Servicios ni utilizar los Servicios de ninguna manera que no est\u00e9 expresamente permitida por estos T\u00e9rminos; y (j) no debe intentar da\u00f1ar nuestros Servicios, incluyendo, sin limitaci\u00f3n, violar o intentar violar cualquier caracter\u00edstica de seguridad relacionada, al introducir virus, gusanos o c\u00f3digo da\u00f1ino similar en los Servicios, o interferir o intentar interferir con cualquier uso del usuario, servidor o red de los Servicios, incluso a trav\u00e9s de sobrecarga, \u00abinundaci\u00f3n\u00bb, \u00abspam\u00bb, \u00abcorreo electr\u00f3nico bomba\u00bb o \u00abfalla\u00bb de los Servicios.<\/span><\/li>\n<\/ul>\n<p>&nbsp;<\/p>\n<p>&nbsp;<\/p>\n<h5><strong>5. <b><\/b><\/strong><b>Propiedad y Licencia de Uso de las Propiedades de Bequisa<\/b><\/h5>\n<p>&nbsp;<\/p>\n<p><span style=\"font-weight: 400\">Bequisa o terceros que otorguen derechos a Bequisa Ind\u00fastria Qu\u00edmica do Brasil Ltda. posee todos los derechos, t\u00edtulos e intereses sobre los materiales de este sitio web, los cuales son propiedad de Bequisa Ind\u00fastria Qu\u00edmica do Brasil Ltda. o de terceros. Bequisa le otorga una licencia limitada, personal, no exclusiva e intransferible para usar y mostrar los materiales en este sitio web solo con el prop\u00f3sito de su interacci\u00f3n con este sitio web.\u00a0<\/span><\/p>\n<p><span style=\"font-weight: 400\">Salvo lo indicado en este documento, no tiene derecho a copiar, descargar, mostrar, ejecutar, reproducir, distribuir, modificar, editar, alterar o mejorar cualquiera de los materiales de este sitio web de ninguna manera. Esta licencia limitada terminar\u00e1 autom\u00e1ticamente sin previo aviso si viola cualquiera de estos T\u00e9rminos. Tras la rescisi\u00f3n, debe eliminar y destruir inmediatamente cualquier material descargado e impreso. No tiene ning\u00fan derecho, t\u00edtulo o inter\u00e9s (y ning\u00fan derecho de autor, marca registrada u otro derecho de propiedad intelectual) sobre este sitio web o cualquier material en este sitio web.<\/span><\/p>\n<p>&nbsp;<\/p>\n<p>&nbsp;<\/p>\n<h5><strong>6. <b><\/b><\/strong><b>Comunicaci\u00f3n con el Usuario<\/b><\/h5>\n<p>&nbsp;<\/p>\n<p><strong><span style=\"font-weight: 400\">Bequisa proporciona canales de comunicaci\u00f3n directa con sus usuarios: &#8211; llamando al (13) 3565-1212 y al (13) 3565-1208, que abre de lunes a viernes, de 8 a 17 horas; o accediendo al Contacto, en el sitio web, para enviar un mensaje a <\/span><a href=\"mailto:faleconosco@bequisa.com\"><span style=\"font-weight: 400\">faleconosco@bequisa.com<\/span><\/a><span style=\"font-weight: 400\">. <\/span><\/strong><\/p>\n<p>&nbsp;<\/p>\n<p>&nbsp;<\/p>\n<h5><strong>7.\u00a0 <b><\/b><\/strong><b>Privacidad\u00a0<\/b><\/h5>\n<h5><strong><b><\/b><br \/>\n<\/strong><\/h5>\n<p><span style=\"font-weight: 400\">Bequisa se compromete a proteger la privacidad de la informaci\u00f3n personal. Recopilamos informaci\u00f3n personal sobre usted a trav\u00e9s de los Servicios, nuestro uso de esa informaci\u00f3n est\u00e1 sujeto a la <a href=\"\/?page_id=4888\">Pol\u00edtica de privacidad<\/a> de Bequisa.\u00a0<\/span><\/p>\n<h5><\/h5>\n<p>&nbsp;<\/p>\n<p>&nbsp;<\/p>\n<h5><strong>8.\u00a0 <b><\/b><\/strong><b>Revisiones de los T\u00e9rminos de Uso\u00a0<\/b><\/h5>\n<h5><strong><b><\/b><br \/>\n<\/strong><\/h5>\n<p><span style=\"font-weight: 400\">Bequisa puede revisar estos t\u00e9rminos en cualquier momento sin previo aviso, actualizando esta publicaci\u00f3n. Su uso continuado de los Servicios despu\u00e9s de realizar estos cambios constituir\u00e1 su aceptaci\u00f3n de dichos T\u00e9rminos revisados \u200b\u200bde vez en cuando.\u00a0<\/span><\/p>\n<p>&nbsp;<\/p>\n<p>&nbsp;<\/p>\n<h5><strong>9.\u00a0 <b><\/b><\/strong><b>Disposiciones Generales<\/b><\/h5>\n<p>&nbsp;<\/p>\n<p><span style=\"font-weight: 400\">La tolerancia de cualquier incumplimiento de cualquiera de las cl\u00e1usulas y condiciones de este instrumento no constituir\u00e1 una renovaci\u00f3n de las obligaciones aqu\u00ed establecidas, ni impedir\u00e1 o inhibir\u00e1 su exigibilidad en ning\u00fan momento.\u00a0<\/span><\/p>\n<p>&nbsp;<\/p>\n<h5><\/h5>\n<p>&nbsp;<\/p>\n<h5><strong>10. <b><\/b><\/strong><b>Ley Aplicable<\/b><\/h5>\n<p>&nbsp;<\/p>\n<p><span style=\"font-weight: 400\">Este documento se rige y debe interpretarse de acuerdo con las leyes de la Rep\u00fablica Federativa de Brasil. Se elige al Juzgado de S\u00e3o Vicente, S\u00e3o Paulo, como \u00f3rgano competente para resolver las cuestiones derivadas de este documento, con renuncia expresa a cualquier otra, por privilegiada que sea.<\/span><\/p>\n<p>&nbsp;<\/p>\n","protected":false},"excerpt":{"rendered":"<p>\u00daltima actualizaci\u00f3n: 19 de abril de 2021. &nbsp; \u00a1Bienvenido al sitio web de Bequisa!\u00a0 &nbsp; Bequisa Ind\u00fastria Qu\u00edmica do Brasil Ltda., con sede en Avenida Ant\u00f4nio Bernardo, 3950, gleba 37, Parque Industrial Imigrantes, Municipio de S\u00e3o Vicente \/ SP, CEP 11349-380, registrada en el CNPJ\/ME con el n\u00ba 58.133.703\/0001- 78, y Degesch do Brasil Ind\u00fastria [&hellip;]<\/p>\n","protected":false},"author":266,"featured_media":0,"parent":0,"menu_order":0,"comment_status":"closed","ping_status":"closed","template":"","meta":{"_acf_changed":false,"footnotes":""},"class_list":["post-4876","page","type-page","status-publish","hentry"],"acf":[],"_links":{"self":[{"href":"https:\/\/bequisa.com.br\/es\/wp-json\/wp\/v2\/pages\/4876","targetHints":{"allow":["GET"]}}],"collection":[{"href":"https:\/\/bequisa.com.br\/es\/wp-json\/wp\/v2\/pages"}],"about":[{"href":"https:\/\/bequisa.com.br\/es\/wp-json\/wp\/v2\/types\/page"}],"author":[{"embeddable":true,"href":"https:\/\/bequisa.com.br\/es\/wp-json\/wp\/v2\/users\/266"}],"replies":[{"embeddable":true,"href":"https:\/\/bequisa.com.br\/es\/wp-json\/wp\/v2\/comments?post=4876"}],"version-history":[{"count":7,"href":"https:\/\/bequisa.com.br\/es\/wp-json\/wp\/v2\/pages\/4876\/revisions"}],"predecessor-version":[{"id":6522,"href":"https:\/\/bequisa.com.br\/es\/wp-json\/wp\/v2\/pages\/4876\/revisions\/6522"}],"wp:attachment":[{"href":"https:\/\/bequisa.com.br\/es\/wp-json\/wp\/v2\/media?parent=4876"}],"curies":[{"name":"wp","href":"https:\/\/api.w.org\/{rel}","templated":true}]}}