{"id":4882,"date":"2021-03-19T16:03:10","date_gmt":"2021-03-19T19:03:10","guid":{"rendered":"https:\/\/novobequisa.bfserver.com.br\/politica-de-cookies\/"},"modified":"2021-05-13T14:10:41","modified_gmt":"2021-05-13T17:10:41","slug":"politica-de-cookies","status":"publish","type":"page","link":"https:\/\/bequisa.com.br\/es\/politica-de-cookies\/","title":{"rendered":"Pol\u00edtica de Cookies"},"content":{"rendered":"<p><span style=\"font-weight: 400\">Cuando usted, el usuario, navega por nuestro sitio web institucional www.bequisa.com.br (\u201c<\/span><span style=\"font-weight: 400\">Sitio Web<\/span><span style=\"font-weight: 400\">\u201d), <\/span><b>Bequisa Ind\u00fastria Qu\u00edmica do Brasil Ltda.<\/b><span style=\"font-weight: 400\">, con sede en Avenida Ant\u00f4nio Bernardo, 3950, gleba 37, Parque Industrial Imigrantes, Municipio de S\u00e3o Vicente \/ SP, CEP 11349-380, registrada en el CNPJ\/ME bajo el n\u00ba 58.133.703\/0001-78, y <\/span><b>Degesch do Brasil Ind\u00fastria e Com\u00e9rcio Ltda.<\/b><span style=\"font-weight: 400\">, con sede en Avenida Ant\u00f4nio Bernardo, 3950, gleba 37, Parque Industrial Imigrantes, Municipio de S\u00e3o Vicente \/ SP, CEP 11349-380, registrada en el CNPJ\/ME bajo el n\u00ba 44.595.981\/0001-32 <\/span><span style=\"font-weight: 400\">Bequisa<\/span><span style=\"font-weight: 400\">, empresas del Grupo Detia Degesch, pueden almacenar cookies en su navegador.\u00a0<\/span><\/p>\n<p>&nbsp;<\/p>\n<p><span style=\"font-weight: 400\">Esta Pol\u00edtica de Cookies explica qu\u00e9 es una cookie, c\u00f3mo puede administrar sus cookies y qu\u00e9 tipos de cookies pueden capturarse en nuestro sitio web.<\/span><\/p>\n<p>&nbsp;<\/p>\n<p><span style=\"font-weight: 400\">Deshabilitar los cookies que utilizamos puede afectar su experiencia como usuario al visitar el sitio web de Bequisa.<\/span><\/p>\n<p>&nbsp;<\/p>\n<p>&nbsp;<\/p>\n<h5><b>1. \u00bfQU\u00c9 SON COOKIES?<\/b><\/h5>\n<h5><\/h5>\n<p>&nbsp;<\/p>\n<p><span style=\"font-weight: 400\">Los cookies son archivos o informaci\u00f3n que se pueden almacenar en su computadora (u otro dispositivo conectado a Internet, como tel\u00e9fonos inteligentes o tabletas) cuando visita nuestro sitio web.\u00a0<\/span><\/p>\n<p>&nbsp;<\/p>\n<p>&nbsp;<\/p>\n<h5><b>2. \u00bfQU\u00c9 TIPO DE COOKIES UTILIZAMOS Y PARA QU\u00c9 LOS UTILIZAMOS?<\/b><\/h5>\n<h5><strong>\u00a0<\/strong><\/h5>\n<p><span style=\"font-weight: 400\">En nuestro sitio web utilizamos los siguientes tipos de cookies:\u00a0<\/span><\/p>\n<ul>\n<li style=\"font-weight: 400\"><b>Cookies Estrictamente Necesarios:<\/b><span style=\"font-weight: 400\"> Estos son cookies sin los cuales no podr\u00eda utilizar el sitio web.\u00a0 Por ejemplo, los Cookies Estrictamente Necesarios ajustan los datos del sitio web transmitidos para que coincidan con su conexi\u00f3n a Internet, lo llevan a versiones seguras del sitio web y ayudan a ofrecer los servicios que usted solicita espec\u00edficamente.\u00a0 Si configura su navegador para bloquear estos cookies, algunas partes del sitio web no funcionar\u00e1n.\u00a0\u00a0<\/span><\/li>\n<\/ul>\n<p>&nbsp;<\/p>\n<ul>\n<li style=\"font-weight: 400\"><b>Cookies de Estad\u00edsticas:<\/b><span style=\"font-weight: 400\"> Utilizamos estos cookies para comprender c\u00f3mo interact\u00faa con el sitio web, con el fin de recopilar estad\u00edsticas an\u00f3nimas y agregadas que nos permitan comprender c\u00f3mo las personas usan nuestro sitio web y, por lo tanto, ayudarnos a mejorar sus estructuras y contenido.\u00a0 En concreto, utilizamos Google Analytics, que es la herramienta de an\u00e1lisis de Google que nos permite conocer el n\u00famero total de visitantes, visitantes que han regresado a su sitio web y aquellos que lo han visitado solo una vez; de d\u00f3nde proviene el acceso al sitio web; muestra el d\u00eda de la semana, el mes y las horas en las que su audiencia m\u00e1s accede al sitio web. <\/span><i><span style=\"font-weight: 400\">Para obtener m\u00e1s informaci\u00f3n sobre el uso de Google Analytics, consulte <\/span><\/i><a href=\"https:\/\/support.google.com\/analytics\/answer\/7318509?hl=pt-BR\"><i><span style=\"font-weight: 400\">Pol\u00edtica de Declaraci\u00f3n de Privacidad &#8211; Ayuda de Google Analytics<\/span><\/i><\/a><span style=\"font-weight: 400\">.\u00a0\u00a0<\/span><\/li>\n<\/ul>\n<p>&nbsp;<\/p>\n<p>&nbsp;<\/p>\n<h5><b>3. \u00bfC\u00d3MO PUEDO CONTROLAR O ELIMINAR COOKIES?<\/b><\/h5>\n<h5><\/h5>\n<p>&nbsp;<\/p>\n<p><span style=\"font-weight: 400\">La mayor\u00eda de los navegadores de Internet (aplicaciones que se utilizan para buscar informaci\u00f3n o visitar sitios web) est\u00e1n configurados autom\u00e1ticamente para aceptar cookies. Puede cambiar la configuraci\u00f3n para bloquear los cookies o alertarle cuando se env\u00eda un cookie a su dispositivo. Hay varias formas de administrar cookies. <\/span><b>Consulte las instrucciones de su navegador o la secci\u00f3n de ayuda para obtener m\u00e1s informaci\u00f3n sobre c\u00f3mo ajustar o cambiar la configuraci\u00f3n de su navegador.<\/b><span style=\"font-weight: 400\"> Los siguientes son enlaces de algunos navegadores que puede utilizar para informarle c\u00f3mo cambiar la configuraci\u00f3n de cookies en esos navegadores: <\/span><a href=\"https:\/\/support.mozilla.org\/pt-BR\/kb\/protecao-aprimorada-contra-rastreamento-firefox-desktop?redirectslug=ative-e-desative-os-cookies-que-os-sites-usam&amp;redirectlocale=pt-BR\"><span style=\"font-weight: 400\">\u00a0Firefox\u00a0 | Cookies<\/span><\/a><span style=\"font-weight: 400\">, <\/span><a href=\"https:\/\/support.apple.com\/pt-br\/guide\/safari\/sfri11471\/mac\"><span style=\"font-weight: 400\">Safara | Cookies<\/span><\/a><span style=\"font-weight: 400\">, <\/span><a href=\"https:\/\/support.google.com\/chrome\/answer\/95647?hl=pt-BR\"><span style=\"font-weight: 400\">Chrome | Cookies<\/span><\/a><span style=\"font-weight: 400\"> e <\/span><a href=\"https:\/\/support.microsoft.com\/pt-br\/topic\/excluir-e-gerenciar-cookies-168dab11-0753-043d-7c16-ede5947fc64d\"><span style=\"font-weight: 400\">Microsoft | Cookies<\/span><\/a><span style=\"font-weight: 400\">.\u00a0<\/span><\/p>\n<p><span style=\"font-weight: 400\">Deshabilitar los cookies que utilizamos puede afectar su experiencia en nuestro sitio web, por ejemplo, es posible que no pueda visitar ciertas \u00e1reas de nuestro sitio web o que no reciba informaci\u00f3n personalizada cuando visite nuestro sitio web.<\/span><\/p>\n<p><span style=\"font-weight: 400\">Si usa diferentes dispositivos para ver y acceder a nuestro sitio web, debe asegurarse de que cada navegador en cada dispositivo est\u00e9 configurado para cumplir con sus preferencias de cookies.<\/span><\/p>\n<p>&nbsp;<\/p>\n<p>&nbsp;<\/p>\n<p>&nbsp;<\/p>\n","protected":false},"excerpt":{"rendered":"<p>Cuando usted, el usuario, navega por nuestro sitio web institucional www.bequisa.com.br (\u201cSitio Web\u201d), Bequisa Ind\u00fastria Qu\u00edmica do Brasil Ltda., con sede en Avenida Ant\u00f4nio Bernardo, 3950, gleba 37, Parque Industrial Imigrantes, Municipio de S\u00e3o Vicente \/ SP, CEP 11349-380, registrada en el CNPJ\/ME bajo el n\u00ba 58.133.703\/0001-78, y Degesch do Brasil Ind\u00fastria e Com\u00e9rcio Ltda., [&hellip;]<\/p>\n","protected":false},"author":266,"featured_media":0,"parent":0,"menu_order":0,"comment_status":"closed","ping_status":"closed","template":"","meta":{"_acf_changed":false,"footnotes":""},"class_list":["post-4882","page","type-page","status-publish","hentry"],"acf":[],"_links":{"self":[{"href":"https:\/\/bequisa.com.br\/es\/wp-json\/wp\/v2\/pages\/4882","targetHints":{"allow":["GET"]}}],"collection":[{"href":"https:\/\/bequisa.com.br\/es\/wp-json\/wp\/v2\/pages"}],"about":[{"href":"https:\/\/bequisa.com.br\/es\/wp-json\/wp\/v2\/types\/page"}],"author":[{"embeddable":true,"href":"https:\/\/bequisa.com.br\/es\/wp-json\/wp\/v2\/users\/266"}],"replies":[{"embeddable":true,"href":"https:\/\/bequisa.com.br\/es\/wp-json\/wp\/v2\/comments?post=4882"}],"version-history":[{"count":5,"href":"https:\/\/bequisa.com.br\/es\/wp-json\/wp\/v2\/pages\/4882\/revisions"}],"predecessor-version":[{"id":5296,"href":"https:\/\/bequisa.com.br\/es\/wp-json\/wp\/v2\/pages\/4882\/revisions\/5296"}],"wp:attachment":[{"href":"https:\/\/bequisa.com.br\/es\/wp-json\/wp\/v2\/media?parent=4882"}],"curies":[{"name":"wp","href":"https:\/\/api.w.org\/{rel}","templated":true}]}}