{"id":4888,"date":"2021-03-19T16:05:19","date_gmt":"2021-03-19T19:05:19","guid":{"rendered":"https:\/\/novobequisa.bfserver.com.br\/politica-de-privacidade\/"},"modified":"2021-12-03T16:37:13","modified_gmt":"2021-12-03T19:37:13","slug":"politica-de-privacidad","status":"publish","type":"page","link":"https:\/\/bequisa.com.br\/es\/politica-de-privacidad\/","title":{"rendered":"Pol\u00edtica de Privacidad"},"content":{"rendered":"<p>&nbsp;<\/p>\n<p><b>\u00daltima actualizaci\u00f3n: 22 <\/b><b>de octubre de 2021.<\/b><b>\u00a0<\/b><\/p>\n<p>&nbsp;<\/p>\n<p><span style=\"font-weight: 400\">Esta Pol\u00edtica de Privacidad describe a <\/span><b>Bequisa Ind\u00fastria Qu\u00edmica do Brasil Ltda.<\/b><span style=\"font-weight: 400\">, con sede en Avenida Ant\u00f4nio Bernardo, 3950, gleba 37, Parque Industrial Imigrantes, Municipio de S\u00e3o Vicente \/ SP, CEP 11349-380, registrada en el CNPJ\/ME bajo el n\u00ba 58.133 .703\/0001-78, y <\/span><b>Degesch do Brasil Ind\u00fastria e Com\u00e9rcio Ltda.<\/b><span style=\"font-weight: 400\">, con sede en Avenida Ant\u00f4nio Bernardo, 3950, gleba 37, Parque Industrial Imigrantes, Municipio de S\u00e3o Vicente \/ SP, CEP 11349-380, registrada en el CNPJ\/ME bajo el n\u00ba 44.595.981\/0001-32 <\/span><span style=\"font-weight: 400\">Bequisa<\/span><span style=\"font-weight: 400\">, empresas del Grupo Detia Degesch, pueden procesar sus datos personales cuando usted, el usuario del sitio web, navega por nuestro sitio web web institucional www.bequisa.com.br (\u00ab<\/span><span style=\"font-weight: 400\">Sitio Web<\/span><span style=\"font-weight: 400\">\u00ab).<\/span><\/p>\n<p>&nbsp;<\/p>\n<p><span style=\"font-weight: 400\">Los t\u00e9rminos definidos en esta Pol\u00edtica de privacidad tienen el mismo significado que se definen en los <a href=\"\/?page_id=4876\">T\u00e9rminos de Uso<\/a>, a menos que se defina de manera diferente en este documento.\u00a0<\/span><\/p>\n<p>&nbsp;<\/p>\n<p>&nbsp;<\/p>\n<h5><b>1. C\u00f3mo utilizamos los datos personales<\/b><\/h5>\n<p>&nbsp;<\/p>\n<p><span style=\"font-weight: 400\">Al navegar por nuestro sitio web, Bequisa puede procesar informaci\u00f3n sobre usted. A continuaci\u00f3n, explicamos por qu\u00e9 procesamos informaci\u00f3n sobre usted y qu\u00e9 datos personales se procesan.<\/span><\/p>\n<p>&nbsp;<\/p>\n<ul>\n<li style=\"font-weight: 400\"><b>Para mejorar el sitio web en funci\u00f3n de los datos del dispositivo utilizado. <\/b><span style=\"font-weight: 400\">Identificamos datos t\u00e9cnicos, como computadoras y otros dispositivos a trav\u00e9s de los cuales instala o accede a nuestro sitio web; el tipo de conexi\u00f3n de red (por ejemplo, WiFi, 3G, LTE) y el rendimiento del proveedor, la red y el dispositivo, el tipo de navegador y sistema operativo, el idioma del navegador, las p\u00e1ginas de referencia y salida y las URL;\u00a0<\/span><\/li>\n<\/ul>\n<p>&nbsp;<\/p>\n<ul>\n<li style=\"font-weight: 400\"><b>Para que pueda utilizar nuestra \u00abCalculadora de Post-Cosecha\u00bb.<\/b><span style=\"font-weight: 400\"> Le pedimos su nombre y correo electr\u00f3nico para que pueda utilizar nuestra calculadora.<\/span><\/li>\n<\/ul>\n<p>&nbsp;<\/p>\n<ul>\n<li style=\"font-weight: 400\"><b>Para enviar comunicaciones y anuncios que creemos que son de su inter\u00e9s.<\/b><span style=\"font-weight: 400\"><span style=\"font-weight: 400\"> Para ello, utilizamos su nombre y direcci\u00f3n de correo electr\u00f3nico que proporcion\u00f3 al utilizar la \u00abCalculadora de Post-Cosecha\u00bb.<\/span><\/span><\/li>\n<\/ul>\n<p>&nbsp;<\/p>\n<ul>\n<li style=\"font-weight: 400\"><b>Para que puedas contactarnos.<\/b><span style=\"font-weight: 400\"> Si desea enviarnos un mensaje, le pedimos su nombre, Estado de residencia, tel\u00e9fono, correo electr\u00f3nico, asunto y mensaje.<\/span><\/li>\n<\/ul>\n<p>&nbsp;<\/p>\n<h5><\/h5>\n<ul>\n<li style=\"font-weight: 400\"><b>Para que podamos cumplir con el Marco Civil de Internet.<\/b><span style=\"font-weight: 400\"> Almacenamos la IP del dispositivo utilizado, as\u00ed como la fecha y hora de acceso a nuestro sitio web, para cumplir con los t\u00e9rminos del Marco Civil de Internet.\u00a0<\/span><\/li>\n<\/ul>\n<h5><\/h5>\n<p>&nbsp;<\/p>\n<ul>\n<li style=\"font-weight: 400\"><b>Para que pueda solicitar el ejercicio de un derecho.<\/b><span style=\"font-weight: 400\"> Almacenamos sus datos personales cuando se pone en contacto con nosotros para solicitar el ejercicio de cualquier derecho indicado en el punto 5. En ese caso, almacenaremos su nombre, correo electr\u00f3nico, documento de identidad, as\u00ed como otros datos personales que posiblemente informe en su mensaje.\u00a0<\/span><\/li>\n<\/ul>\n<p>&nbsp;<\/p>\n<ul>\n<li style=\"font-weight: 400\"><b>Para que puedas informarnos sobre tu inter\u00e9s en formar parte del equipo de Bequisa.<\/b><span style=\"font-weight: 400\"> Si est\u00e1s interesado en trabajar con nosotros, puedes informar en el \u00e1rea \u201cTrabaja con Nosotros\u201d tu nombre, tel\u00e9fono, \u00e1rea, correo electr\u00f3nico, mensaje, as\u00ed como adjuntar tu curr\u00edculum. En ese caso, revisaremos sus calificaciones y nos pondremos en contacto si existe un proceso de selecci\u00f3n compatible.<\/span><\/li>\n<\/ul>\n<p>&nbsp;<\/p>\n<ul>\n<li style=\"font-weight: 400\"><b>Cookies<\/b><span style=\"font-weight: 400\">. Usamos cookies cuando navega por nuestro sitio web. <\/span><span style=\"font-weight: 400\">Para obtener m\u00e1s informaci\u00f3n, consulte nuestra <a href=\"\/?page_id=4878\">Pol\u00edtica de cookies<\/a>.<\/span><\/li>\n<\/ul>\n<p>&nbsp;<\/p>\n<p>&nbsp;<\/p>\n<h5><strong>2. <\/strong><b>Compartiendo datos personales<\/b><span style=\"font-weight: 400\">\u00a0\u00a0<\/span><\/h5>\n<p>&nbsp;<\/p>\n<p><span style=\"font-weight: 400\">Bequisa no compartir\u00e1 sus datos personales con terceros, excepto en los siguientes casos:\u00a0<\/span><\/p>\n<p>&nbsp;<\/p>\n<ul>\n<li style=\"font-weight: 400\"><span style=\"font-weight: 400\">con otros proveedores de servicios contratados para ayudarnos con el funcionamiento del sitio web, por ejemplo, proveedor de alojamiento y mantenimiento del sitio web.\u00a0<\/span><\/li>\n<\/ul>\n<h5><strong>\u00a0<\/strong><\/h5>\n<ul>\n<li style=\"font-weight: 400\"><span style=\"font-weight: 400\">con las autoridades competentes, en caso de que Bequisa est\u00e9 obligada a compartir los datos o crea, de buena fe, que el intercambio se debe a la defensa de sus derechos o los de terceros interesados;\u00a0<\/span><\/li>\n<\/ul>\n<p>&nbsp;<\/p>\n<ul>\n<li style=\"font-weight: 400\"><span style=\"font-weight: 400\">cumplir con los requisitos de la ley aplicable.<\/span><\/li>\n<\/ul>\n<p>&nbsp;<\/p>\n<ul>\n<li>Para legitimar la utilizaci\u00f3n de estos datos, informamos que Bequisa realiza el tratamiento de datos personales con basis en las hip\u00f3tesis legales previstas por la RGPD, tales como la ejecuci\u00f3n de contrato (art. 7\u00ba, inciso V), el leg\u00edtimo interese del controlador de datos (art. 7\u00ba, inciso IX), el consentimiento (art. 7\u00ba, inciso I), el cumplimiento de la obligaci\u00f3n legal o regulaci\u00f3n (art. 7\u00ba, inciso II) y el ejercicio regular de derechos en proceso judicial, administrativo o arbitral (art. 7\u00ba, inciso VI).<\/li>\n<\/ul>\n<p>&nbsp;<\/p>\n<p>&nbsp;<\/p>\n<h5><strong>3. <b><\/b><\/strong><b>Seguridad de las Informaciones<\/b><\/h5>\n<p>&nbsp;<\/p>\n<p><span style=\"font-weight: 400\">Bequisa adopta las mejores pr\u00e1cticas de seguridad de la informaci\u00f3n recomendadas a nivel internacional, contra la p\u00e9rdida, mal uso y acceso no autorizado, divulgaci\u00f3n, alteraci\u00f3n y destrucci\u00f3n, teniendo en cuenta los riesgos que implica el tratamiento y la naturaleza de dichos datos y el cumplimiento de las leyes y normativas aplicables. Sin embargo, debe tener en cuenta que ninguna transmisi\u00f3n a trav\u00e9s de Internet es 100% segura o est\u00e1 libre de errores. <\/span><\/p>\n<p>&nbsp;<\/p>\n<p>&nbsp;<\/p>\n<h5><strong>4. <b><\/b><\/strong><b>Transferencia Internacional de Datos\u00a0\u00a0<\/b><\/h5>\n<p>&nbsp;<\/p>\n<p>Bequisa realiza la transferencia internacional de datos personales para los Estados Unidos por motivos t\u00e9cnicos y operacionales. De esta forma, sus datos personales poden estar sujetos a las leyes de protecci\u00f3n de datos y privacidad distintas de aquellas aplicables en el territorio nacional. En estos casos, Bequisa adoptar\u00e1 medidas aplicables para garantizar la protecci\u00f3n de los datos personales de los usuarios.<\/p>\n<p>&nbsp;<\/p>\n<p>&nbsp;<\/p>\n<h5><strong>5. <b><\/b><\/strong><b>Tus Derechos y Delegado de Protecci\u00f3n de Datos<\/b><\/h5>\n<p>&nbsp;<\/p>\n<p><span style=\"font-weight: 400\">Previa solicitud a la direcci\u00f3n de correo electr\u00f3nico (<\/span><a href=\"mailto:dpo@bequisa.com\"><span style=\"font-weight: 400\">dpo@bequisa.com<\/span><\/a><span style=\"font-weight: 400\">) canal de contacto con el <\/span><b>Delegado de Protecci\u00f3n de Datos<\/b><span style=\"font-weight: 400\">), puede solicitar el ejercicio de los derechos que tiene, que son:<\/span><\/p>\n<p>&nbsp;<\/p>\n<ul>\n<li style=\"font-weight: 400\"><b>Acceso.<\/b><span style=\"font-weight: 400\"> Puede solicitar acceso \/ consulta gratuita y f\u00e1cil a sus datos, forma de tratamiento, finalidad, duraci\u00f3n y puesta en com\u00fan de sus datos personales con terceros;<\/span><\/li>\n<\/ul>\n<p>&nbsp;<\/p>\n<ul>\n<li style=\"font-weight: 400\"><b>Correcci\u00f3n y Actualizaci\u00f3n. <\/b><span style=\"font-weight: 400\">Puede requerir la correcci\u00f3n \/ actualizaci\u00f3n de sus datos personales.<\/span><\/li>\n<\/ul>\n<p>&nbsp;<\/p>\n<ul>\n<li style=\"font-weight: 400\"><b>Revocaci\u00f3n del Consentimiento. <\/b><span style=\"font-weight: 400\">Si alg\u00fan tratamiento de sus datos personales se realiza con su consentimiento, puede solicitar la revocaci\u00f3n de su consentimiento. Si la revocaci\u00f3n implica alguna restricci\u00f3n, se le informar\u00e1 previamente (por ejemplo, cualquier restricci\u00f3n de navegaci\u00f3n en nuestro sitio web).<\/span><\/li>\n<\/ul>\n<p>&nbsp;<\/p>\n<ul>\n<li style=\"font-weight: 400\"><b>Portabilidad.<\/b><span style=\"font-weight: 400\"> Puede solicitar la portabilidad de sus datos personales de nuestra base de datos a un tercero.<\/span><\/li>\n<\/ul>\n<p>&nbsp;<\/p>\n<ul>\n<li style=\"font-weight: 400\"><b>Bloqueo o eliminaci\u00f3n. <\/b><span style=\"font-weight: 400\">Puede solicitar bloquear o eliminar sus datos personales de nuestra base de datos. Le informaremos si esto implica alguna restricci\u00f3n en el uso de nuestro sitio web.\u00a0<\/span><\/li>\n<\/ul>\n<h5><strong>\u00a0<\/strong><\/h5>\n<ul>\n<li style=\"font-weight: 400\"><b>Oposici\u00f3n. <\/b><span style=\"font-weight: 400\">Si sospecha que hemos tratado sus datos personales incumpliendo la Ley General de Protecci\u00f3n de Datos, puede oponerse al tratamiento.<\/span><\/li>\n<\/ul>\n<p>&nbsp;<\/p>\n<p><span style=\"font-weight: 400\">En algunos casos, si solicita corregir, cambiar o eliminar datos personales, es posible que no siempre podamos hacerlo. Si es as\u00ed, explicaremos por qu\u00e9.\u00a0<\/span><\/p>\n<p>&nbsp;<\/p>\n<p><span style=\"font-weight: 400\">Si solicita el ejercicio de alguno de sus derechos, es posible que le solicitemos alguna informaci\u00f3n adicional con el fin de acreditar su identidad, con el fin de evitar fraudes.\u00a0<\/span><\/p>\n<p>&nbsp;<\/p>\n<p><span style=\"font-weight: 400\">Estamos comprometidos a dar respuesta a sus solicitudes en el menor tiempo posible.<\/span><\/p>\n<p>&nbsp;<\/p>\n<p>&nbsp;<\/p>\n<h5><strong>6.<\/strong> <b><\/b><b>Plazo de almacenamiento de informaci\u00f3n<\/b><\/h5>\n<p>&nbsp;<\/p>\n<p><span style=\"font-weight: 400\">Los datos se almacenar\u00e1n durante el tiempo necesario para cumplir con las finalidades del tratamiento indicadas en el punto 1 de esta Pol\u00edtica de Privacidad.<\/span><\/p>\n<p>&nbsp;<\/p>\n<p><span style=\"font-weight: 400\">Podemos retener ciertos datos personales si es necesario para (i) cumplir con la ley aplicable; o (ii) ejercer nuestros derechos en procedimientos legales, administrativos o de arbitraje. Salvo en los casos mencionados, eliminaremos o mantendremos sus datos en el anonimato (utilizaremos la t\u00e9cnica disponible en ese momento) despu\u00e9s de alcanzar la finalidad que justific\u00f3 la recogida de datos.<\/span><\/p>\n<p>&nbsp;<\/p>\n<p>&nbsp;<\/p>\n<h5><strong>7. <b><\/b><\/strong><b>Cambios a la Pol\u00edtica de Privacidad<\/b><\/h5>\n<p>&nbsp;<\/p>\n<p><span style=\"font-weight: 400\">Bequisa se reserva el derecho de actualizar y cambiar la Pol\u00edtica de Privacidad peri\u00f3dicamente, sin necesidad de avisarle en consecuencia. Puede revisar la versi\u00f3n m\u00e1s actualizada de la <a href=\"\/?page_id=4888\">Pol\u00edtica de Privacidad<\/a> actual en cualquier momento.<\/span><\/p>\n<p>&nbsp;<\/p>\n<p>&nbsp;<\/p>\n<h5><strong>8. <b><\/b><\/strong><b>Ley Aplicable\u00a0<\/b><\/h5>\n<p>&nbsp;<\/p>\n<p><span style=\"font-weight: 400\">Este documento se rige y debe interpretarse de acuerdo con las leyes de la Rep\u00fablica Federativa de Brasil. Se elige al Juzgado de S\u00e3o Vicente, S\u00e3o Paulo, como \u00f3rgano competente para resolver las cuestiones derivadas de este documento, con renuncia expresa a cualquier otra, por privilegiada que sea.<\/span><\/p>\n","protected":false},"excerpt":{"rendered":"<p>&nbsp; \u00daltima actualizaci\u00f3n: 22 de octubre de 2021.\u00a0 &nbsp; Esta Pol\u00edtica de Privacidad describe a Bequisa Ind\u00fastria Qu\u00edmica do Brasil Ltda., con sede en Avenida Ant\u00f4nio Bernardo, 3950, gleba 37, Parque Industrial Imigrantes, Municipio de S\u00e3o Vicente \/ SP, CEP 11349-380, registrada en el CNPJ\/ME bajo el n\u00ba 58.133 .703\/0001-78, y Degesch do Brasil Ind\u00fastria [&hellip;]<\/p>\n","protected":false},"author":266,"featured_media":0,"parent":0,"menu_order":0,"comment_status":"closed","ping_status":"closed","template":"","meta":{"_acf_changed":false,"footnotes":""},"class_list":["post-4888","page","type-page","status-publish","hentry"],"acf":[],"_links":{"self":[{"href":"https:\/\/bequisa.com.br\/es\/wp-json\/wp\/v2\/pages\/4888","targetHints":{"allow":["GET"]}}],"collection":[{"href":"https:\/\/bequisa.com.br\/es\/wp-json\/wp\/v2\/pages"}],"about":[{"href":"https:\/\/bequisa.com.br\/es\/wp-json\/wp\/v2\/types\/page"}],"author":[{"embeddable":true,"href":"https:\/\/bequisa.com.br\/es\/wp-json\/wp\/v2\/users\/266"}],"replies":[{"embeddable":true,"href":"https:\/\/bequisa.com.br\/es\/wp-json\/wp\/v2\/comments?post=4888"}],"version-history":[{"count":16,"href":"https:\/\/bequisa.com.br\/es\/wp-json\/wp\/v2\/pages\/4888\/revisions"}],"predecessor-version":[{"id":8946,"href":"https:\/\/bequisa.com.br\/es\/wp-json\/wp\/v2\/pages\/4888\/revisions\/8946"}],"wp:attachment":[{"href":"https:\/\/bequisa.com.br\/es\/wp-json\/wp\/v2\/media?parent=4888"}],"curies":[{"name":"wp","href":"https:\/\/api.w.org\/{rel}","templated":true}]}}